{"id":138,"date":"2022-05-19T11:34:14","date_gmt":"2022-05-19T09:34:14","guid":{"rendered":"http:\/\/etresoa.com\/?page_id=138"},"modified":"2025-02-23T11:32:19","modified_gmt":"2025-02-23T10:32:19","slug":"la-methode-de-coaching-generatif","status":"publish","type":"page","link":"https:\/\/etresoa.com\/index.php\/la-methode-de-coaching-generatif\/","title":{"rendered":"Ma m\u00e9thode de Coaching"},"content":{"rendered":"<p>J\u2019aide mes clients \u00e0 savoir o\u00f9 ils vont et comment, \u00e0 r\u00e9v\u00e9ler les possibles, mettre les comp\u00e9tences aux bons endroits, et \u00e0 fonctionner dans le plaisir de faire. Prendre conscience et agir avec le plaisir de faire !<\/p>\n<p>G\u00e9rer le stress, changer de poste, quitter une \u00e9motion d\u00e9rangeante, r\u00e9gler un vieux souvenir, \u00eatre plus performant, communiquer de fa\u00e7on harmonieuse, calmer l&rsquo;anxi\u00e9t\u00e9&#8230;<\/p>\n<p><strong>UNE APPROCHE HUMAINE ET UNE ABSENCE DE JUGEMENT<\/strong><\/p>\n<p>La base, c&rsquo;est l&rsquo;absence de jugement ! vous n&rsquo;entrez dans aucun cadre, vous n&rsquo;\u00eates pas cat\u00e9goris\u00e9e, et vous n&rsquo;\u00eates pas une patiente\/un patient face \u00e0 un type qui en sait plus que vous. je mets \u00e0 votre disposition des m\u00e9thodes et des techniques qui vont vous aider.<\/p>\n<p>La base de notre relation, c&rsquo;est un rapport d&rsquo;humain \u00e0 humain ! Dans le respect mutuel de l&rsquo;autre, dans un rapport direct et respectueux de votre \u00eatre profond. Venez simplement comme vous \u00eates, laissez vos conventions \u00e0 la maison, ici vous \u00eates chez vous avec vous-m\u00eame !<\/p>\n<p><strong>DES TECHNIQUES INEDITES<\/strong><\/p>\n<p>L&rsquo;EMDR n&rsquo;est pas la seule th\u00e9rapie br\u00e8ve de PNL ! Il existe de nombreux outils qui g\u00e9n\u00e8rent le changement, qu&rsquo;il convient de choisir en fonction de chaque situation. Ludiques, sous forme de dialogue, les obstacles qui se trouvent sur votre route sont lev\u00e9s les uns apr\u00e8s les autres. Ces techniques sont employ\u00e9es avec succ\u00e8s depuis 50 ans, et sont efficaces dans des situations de traumas graves.<\/p>\n<p>Sedona, CNV, Focusing, Core Process, la PNL et ses nombreux ateliers ludiques &#8230;<\/p>\n<p><strong>UNE ELEVATION<\/strong><\/p>\n<p>Changer en soi, c&rsquo;est s&rsquo;\u00e9lever vers un soi plus grand, plus ancr\u00e9, plus souriant, plus clairvoyant. Et vous comprendrez \u00e0 quel point ce que vous pensez, vous le devenez.<\/p>\n<p><strong>DEVENEZ VOUS M&rsquo;AIME !<\/strong><\/p>\n<p>Construisez votre nouveau moi en respectant vos fa\u00e7ons de fonctionner, en \u00e9tant conscients de vos talents naturels, en phase avec vos valeurs, et \u00e9levez votre identit\u00e9 !<\/p>\n<p>Je suis Coach Dipl\u00f4m\u00e9 (coaching g\u00e9n\u00e9ratif), Psychopraticien, Praticien en M\u00e9decine Chinoise, j&rsquo;accompagne les personnes et les groupes pour identifier leurs (vrais) objectifs, leurs ressources, leurs valeurs et \u00e0 les mettre en \u0153uvre concr\u00e8tement dans la joie de faire, d&rsquo;\u00eatre et de vivre.<\/p>\n","protected":false},"excerpt":{"rendered":"<p>J\u2019aide mes clients \u00e0 savoir o\u00f9 ils vont et comment, \u00e0 r\u00e9v\u00e9ler les possibles, mettre les comp\u00e9tences aux bons endroits, et \u00e0 fonctionner dans le plaisir de faire. Prendre conscience et agir avec le plaisir de faire ! G\u00e9rer le stress, changer de poste, quitter une \u00e9motion d\u00e9rangeante, r\u00e9gler un vieux souvenir, \u00eatre plus performant, [&hellip;]<\/p>\n","protected":false},"author":1,"featured_media":0,"parent":0,"menu_order":0,"comment_status":"closed","ping_status":"closed","template":"","meta":{"footnotes":""},"class_list":["post-138","page","type-page","status-publish","hentry"],"yoast_head":"<!-- This site is optimized with the Yoast SEO plugin v24.5 - https:\/\/yoast.com\/wordpress\/plugins\/seo\/ -->\n<title>Ma m\u00e9thode de Coaching - Eric LANGERMANN<\/title>\n<meta name=\"robots\" content=\"index, follow, max-snippet:-1, max-image-preview:large, max-video-preview:-1\" \/>\n<link rel=\"canonical\" href=\"https:\/\/etresoa.com\/index.php\/la-methode-de-coaching-generatif\/\" \/>\n<meta property=\"og:locale\" content=\"fr_FR\" \/>\n<meta property=\"og:type\" content=\"article\" \/>\n<meta property=\"og:title\" content=\"Ma m\u00e9thode de Coaching - Eric LANGERMANN\" \/>\n<meta property=\"og:description\" content=\"J\u2019aide mes clients \u00e0 savoir o\u00f9 ils vont et comment, \u00e0 r\u00e9v\u00e9ler les possibles, mettre les comp\u00e9tences aux bons endroits, et \u00e0 fonctionner dans le plaisir de faire. Prendre conscience et agir avec le plaisir de faire ! G\u00e9rer le stress, changer de poste, quitter une \u00e9motion d\u00e9rangeante, r\u00e9gler un vieux souvenir, \u00eatre plus performant, [&hellip;]\" \/>\n<meta property=\"og:url\" content=\"https:\/\/etresoa.com\/index.php\/la-methode-de-coaching-generatif\/\" \/>\n<meta property=\"og:site_name\" content=\"Eric LANGERMANN\" \/>\n<meta property=\"article:modified_time\" content=\"2025-02-23T10:32:19+00:00\" \/>\n<meta name=\"twitter:card\" content=\"summary_large_image\" \/>\n<meta name=\"twitter:label1\" content=\"Dur\u00e9e de lecture estim\u00e9e\" \/>\n\t<meta name=\"twitter:data1\" content=\"2 minutes\" \/>\n<script type=\"application\/ld+json\" class=\"yoast-schema-graph\">{\"@context\":\"https:\/\/schema.org\",\"@graph\":[{\"@type\":\"WebPage\",\"@id\":\"https:\/\/etresoa.com\/index.php\/la-methode-de-coaching-generatif\/\",\"url\":\"https:\/\/etresoa.com\/index.php\/la-methode-de-coaching-generatif\/\",\"name\":\"Ma m\u00e9thode de Coaching - Eric LANGERMANN\",\"isPartOf\":{\"@id\":\"https:\/\/etresoa.com\/#website\"},\"datePublished\":\"2022-05-19T09:34:14+00:00\",\"dateModified\":\"2025-02-23T10:32:19+00:00\",\"breadcrumb\":{\"@id\":\"https:\/\/etresoa.com\/index.php\/la-methode-de-coaching-generatif\/#breadcrumb\"},\"inLanguage\":\"fr-FR\",\"potentialAction\":[{\"@type\":\"ReadAction\",\"target\":[\"https:\/\/etresoa.com\/index.php\/la-methode-de-coaching-generatif\/\"]}]},{\"@type\":\"BreadcrumbList\",\"@id\":\"https:\/\/etresoa.com\/index.php\/la-methode-de-coaching-generatif\/#breadcrumb\",\"itemListElement\":[{\"@type\":\"ListItem\",\"position\":1,\"name\":\"Accueil\",\"item\":\"https:\/\/etresoa.com\/\"},{\"@type\":\"ListItem\",\"position\":2,\"name\":\"Ma m\u00e9thode de Coaching\"}]},{\"@type\":\"WebSite\",\"@id\":\"https:\/\/etresoa.com\/#website\",\"url\":\"https:\/\/etresoa.com\/\",\"name\":\"Eric LANGERMANN\",\"description\":\"Accompagnant en transformation personnelle et \u00e9motionnelle\",\"publisher\":{\"@id\":\"https:\/\/etresoa.com\/#\/schema\/person\/fda069d40bb78e26619b5f2ff685fa4c\"},\"potentialAction\":[{\"@type\":\"SearchAction\",\"target\":{\"@type\":\"EntryPoint\",\"urlTemplate\":\"https:\/\/etresoa.com\/?s={search_term_string}\"},\"query-input\":{\"@type\":\"PropertyValueSpecification\",\"valueRequired\":true,\"valueName\":\"search_term_string\"}}],\"inLanguage\":\"fr-FR\"},{\"@type\":[\"Person\",\"Organization\"],\"@id\":\"https:\/\/etresoa.com\/#\/schema\/person\/fda069d40bb78e26619b5f2ff685fa4c\",\"name\":\"Eric LANGERMANN\",\"image\":{\"@type\":\"ImageObject\",\"inLanguage\":\"fr-FR\",\"@id\":\"https:\/\/etresoa.com\/#\/schema\/person\/image\/\",\"url\":\"https:\/\/etresoa.com\/wp-content\/uploads\/2022\/05\/cropped-arbre-de-vie-perce4.jpg\",\"contentUrl\":\"https:\/\/etresoa.com\/wp-content\/uploads\/2022\/05\/cropped-arbre-de-vie-perce4.jpg\",\"width\":474,\"height\":474,\"caption\":\"Eric LANGERMANN\"},\"logo\":{\"@id\":\"https:\/\/etresoa.com\/#\/schema\/person\/image\/\"},\"sameAs\":[\"http:\/\/etresoa.com\",\"https:\/\/www.linkedin.com\/in\/eln\/\",\"https:\/\/www.youtube.com\/@Etresoa\"]}]}<\/script>\n<!-- \/ Yoast SEO plugin. -->","yoast_head_json":{"title":"Ma m\u00e9thode de Coaching - Eric LANGERMANN","robots":{"index":"index","follow":"follow","max-snippet":"max-snippet:-1","max-image-preview":"max-image-preview:large","max-video-preview":"max-video-preview:-1"},"canonical":"https:\/\/etresoa.com\/index.php\/la-methode-de-coaching-generatif\/","og_locale":"fr_FR","og_type":"article","og_title":"Ma m\u00e9thode de Coaching - Eric LANGERMANN","og_description":"J\u2019aide mes clients \u00e0 savoir o\u00f9 ils vont et comment, \u00e0 r\u00e9v\u00e9ler les possibles, mettre les comp\u00e9tences aux bons endroits, et \u00e0 fonctionner dans le plaisir de faire. Prendre conscience et agir avec le plaisir de faire ! G\u00e9rer le stress, changer de poste, quitter une \u00e9motion d\u00e9rangeante, r\u00e9gler un vieux souvenir, \u00eatre plus performant, [&hellip;]","og_url":"https:\/\/etresoa.com\/index.php\/la-methode-de-coaching-generatif\/","og_site_name":"Eric LANGERMANN","article_modified_time":"2025-02-23T10:32:19+00:00","twitter_card":"summary_large_image","twitter_misc":{"Dur\u00e9e de lecture estim\u00e9e":"2 minutes"},"schema":{"@context":"https:\/\/schema.org","@graph":[{"@type":"WebPage","@id":"https:\/\/etresoa.com\/index.php\/la-methode-de-coaching-generatif\/","url":"https:\/\/etresoa.com\/index.php\/la-methode-de-coaching-generatif\/","name":"Ma m\u00e9thode de Coaching - Eric LANGERMANN","isPartOf":{"@id":"https:\/\/etresoa.com\/#website"},"datePublished":"2022-05-19T09:34:14+00:00","dateModified":"2025-02-23T10:32:19+00:00","breadcrumb":{"@id":"https:\/\/etresoa.com\/index.php\/la-methode-de-coaching-generatif\/#breadcrumb"},"inLanguage":"fr-FR","potentialAction":[{"@type":"ReadAction","target":["https:\/\/etresoa.com\/index.php\/la-methode-de-coaching-generatif\/"]}]},{"@type":"BreadcrumbList","@id":"https:\/\/etresoa.com\/index.php\/la-methode-de-coaching-generatif\/#breadcrumb","itemListElement":[{"@type":"ListItem","position":1,"name":"Accueil","item":"https:\/\/etresoa.com\/"},{"@type":"ListItem","position":2,"name":"Ma m\u00e9thode de Coaching"}]},{"@type":"WebSite","@id":"https:\/\/etresoa.com\/#website","url":"https:\/\/etresoa.com\/","name":"Eric LANGERMANN","description":"Accompagnant en transformation personnelle et \u00e9motionnelle","publisher":{"@id":"https:\/\/etresoa.com\/#\/schema\/person\/fda069d40bb78e26619b5f2ff685fa4c"},"potentialAction":[{"@type":"SearchAction","target":{"@type":"EntryPoint","urlTemplate":"https:\/\/etresoa.com\/?s={search_term_string}"},"query-input":{"@type":"PropertyValueSpecification","valueRequired":true,"valueName":"search_term_string"}}],"inLanguage":"fr-FR"},{"@type":["Person","Organization"],"@id":"https:\/\/etresoa.com\/#\/schema\/person\/fda069d40bb78e26619b5f2ff685fa4c","name":"Eric LANGERMANN","image":{"@type":"ImageObject","inLanguage":"fr-FR","@id":"https:\/\/etresoa.com\/#\/schema\/person\/image\/","url":"https:\/\/etresoa.com\/wp-content\/uploads\/2022\/05\/cropped-arbre-de-vie-perce4.jpg","contentUrl":"https:\/\/etresoa.com\/wp-content\/uploads\/2022\/05\/cropped-arbre-de-vie-perce4.jpg","width":474,"height":474,"caption":"Eric LANGERMANN"},"logo":{"@id":"https:\/\/etresoa.com\/#\/schema\/person\/image\/"},"sameAs":["http:\/\/etresoa.com","https:\/\/www.linkedin.com\/in\/eln\/","https:\/\/www.youtube.com\/@Etresoa"]}]}},"_links":{"self":[{"href":"https:\/\/etresoa.com\/index.php\/wp-json\/wp\/v2\/pages\/138","targetHints":{"allow":["GET"]}}],"collection":[{"href":"https:\/\/etresoa.com\/index.php\/wp-json\/wp\/v2\/pages"}],"about":[{"href":"https:\/\/etresoa.com\/index.php\/wp-json\/wp\/v2\/types\/page"}],"author":[{"embeddable":true,"href":"https:\/\/etresoa.com\/index.php\/wp-json\/wp\/v2\/users\/1"}],"replies":[{"embeddable":true,"href":"https:\/\/etresoa.com\/index.php\/wp-json\/wp\/v2\/comments?post=138"}],"version-history":[{"count":17,"href":"https:\/\/etresoa.com\/index.php\/wp-json\/wp\/v2\/pages\/138\/revisions"}],"predecessor-version":[{"id":1602,"href":"https:\/\/etresoa.com\/index.php\/wp-json\/wp\/v2\/pages\/138\/revisions\/1602"}],"wp:attachment":[{"href":"https:\/\/etresoa.com\/index.php\/wp-json\/wp\/v2\/media?parent=138"}],"curies":[{"name":"wp","href":"https:\/\/api.w.org\/{rel}","templated":true}]}}