{"id":71,"date":"2021-10-26T22:21:26","date_gmt":"2021-10-26T20:21:26","guid":{"rendered":"http:\/\/etresoa.com\/?page_id=71"},"modified":"2025-02-09T09:49:08","modified_gmt":"2025-02-09T08:49:08","slug":"qui-suis-je","status":"publish","type":"page","link":"https:\/\/etresoa.com\/index.php\/qui-suis-je\/","title":{"rendered":"Le Qui suis-je ?"},"content":{"rendered":"<p>Bonjour,<\/p>\n<p>&nbsp;<\/p>\n<p>Je suis Eric Langermann, n\u00e9 en 1967. J&rsquo;ai grandi au milieu d&rsquo;une institution hospitali\u00e8re qui accueillait le handicap, la vieillesse ou encore la maladie. D&rsquo;o\u00f9 une sensibilit\u00e9 peut-\u00eatre un peu partoculi\u00e8re. J&rsquo;ai toujours cultiv\u00e9 le respect de la Vie, et je me suis vite forg\u00e9 un esprit critique. J&rsquo;\u00e9tais devenu un jeune adulte r\u00e9volt\u00e9. J&rsquo;avais du mal \u00e0 trouver ma place. La soci\u00e9t\u00e9 ne m&rsquo;offrait pas de joie, alors j&rsquo;ai cr\u00e9\u00e9 ma propre entreprise, \u00e0 22 ans. Cette \u00ab\u00a0niaque\u00a0\u00bb m&rsquo;anime toujours, malgr\u00e9 les accidents de parcours. Il n&rsquo;y a pas de haut de la vague sans creux, pas de soleil sans nuit, et l&rsquo;unit\u00e9 d&rsquo;une personne se trouve dans sa multitude.<\/p>\n<p><strong>Ce que je fais<br \/>\n<\/strong>Je vous accompagne pour avancer : un probl\u00e8me, un besoin, un d\u00e9sir. Besoin d&rsquo;\u00eatre vous ? besoin de remonter la pente ? besoin de sortir de vous-m\u00eame ? des vieilles \u00e9motions \u00e0 quitter ? une estime en d\u00e9route ? Une confiance \u00e0 (re)batir ?<\/p>\n<p>Qui a vu un sportif d\u00e9pressif gagner quoi que ce soit ?\u00a0 Notre perception du monde induit les comportements, et r\u00e9aliser sa vie passe obligatoirement par les actes !\u00a0 Le sportif ex-deprim\u00e9 est la m\u00eame personne, seulement sa perception change et il gagne quand il est heureux\u00a0 : je vous accompagne pour \u00eatre le meilleur de vous-m&rsquo;aime !<\/p>\n<p>&nbsp;<\/p>\n<p><strong>Comment ?<br \/>\n<\/strong><\/p>\n<p>Une approche <strong>PERSONNELLE<\/strong> : personne d&rsquo;autre que vous n&rsquo;a votre vie, par cons\u00e9quence vos solutions vous sont propres !<br \/>\nLes m\u00e9thodes et techniques : j&rsquo;utilise des techniques douces par ateliers individuels, qui sont visent \u00e0 entrer dans l&rsquo;action. Ce n&rsquo;est pas avec moi que vous allez v\u00e9g\u00e9ter dans la rumination de vieilles \u00e9motions. Et vous allez toujours rester vous-m&rsquo;aime, dans le total respect de votre \u00eatre profond.<\/p>\n<p><strong>Avec l&rsquo;aide du mouvement de la Vie<\/strong> : en M\u00e9decine Chinoise, on dit que la Vie est mouvement, sans mouvement la vie s&rsquo;arr\u00eate. Je m&rsquo;aide des techniques apprises en m\u00e9decine traditionnelle chinoise pour vous aider \u00e0 vous mettre en route, \u00e0 concr\u00e9tiser, \u00e0 clarifier l&rsquo;esprit.<\/p>\n<p style=\"text-align: center;\">*****************<\/p>\n<p><strong>Un peu de mon parcours :<br \/>\n<\/strong>Dipl\u00f4m\u00e9 \u00ab\u00a0Coach Professionnel\u00a0\u00bb\u00a0 &#8211; Institut de Coaching et d&rsquo;Accompagnement (France).<br \/>\nCertifi\u00e9 en \u00ab\u00a0Uncommon Psychotherapy\u00a0\u00bb (Psychoth\u00e9rapie Non Conventionnelle) par l&rsquo;Institut Uncommon Knowledge (Royaume-Uni).<br \/>\nCertifi\u00e9 en TUINA &#8211; techniques manuelles \u00ab\u00a0massage\u00a0\u00bb de la M\u00e9decine Traditionnelle Chinoise &#8211; ABZ Munchen &#8211; Allemagne<br \/>\n+ diverses formations en r\u00e9flexologie, trigger points, hypnose&#8230;<\/p>\n<p><img loading=\"lazy\" decoding=\"async\" class=\"alignnone size-medium wp-image-74\" src=\"https:\/\/etresoa.com\/wp-content\/uploads\/2021\/10\/1635139721715-300x223.jpg\" alt=\"\" width=\"300\" height=\"223\" srcset=\"https:\/\/etresoa.com\/wp-content\/uploads\/2021\/10\/1635139721715-300x223.jpg 300w, https:\/\/etresoa.com\/wp-content\/uploads\/2021\/10\/1635139721715-1024x760.jpg 1024w, https:\/\/etresoa.com\/wp-content\/uploads\/2021\/10\/1635139721715-768x570.jpg 768w, https:\/\/etresoa.com\/wp-content\/uploads\/2021\/10\/1635139721715-1536x1140.jpg 1536w, https:\/\/etresoa.com\/wp-content\/uploads\/2021\/10\/1635139721715-2048x1520.jpg 2048w\" sizes=\"auto, (max-width: 300px) 100vw, 300px\" \/><\/p>\n<p>&nbsp;<\/p>\n<p><img loading=\"lazy\" decoding=\"async\" class=\"alignnone wp-image-401\" src=\"https:\/\/etresoa.com\/wp-content\/uploads\/2023\/01\/UNCOMMON-PSYCHOTGHRAPY-BADGE-300x300.jpg\" alt=\"\" width=\"276\" height=\"276\" srcset=\"https:\/\/etresoa.com\/wp-content\/uploads\/2023\/01\/UNCOMMON-PSYCHOTGHRAPY-BADGE-300x300.jpg 300w, https:\/\/etresoa.com\/wp-content\/uploads\/2023\/01\/UNCOMMON-PSYCHOTGHRAPY-BADGE-150x150.jpg 150w, https:\/\/etresoa.com\/wp-content\/uploads\/2023\/01\/UNCOMMON-PSYCHOTGHRAPY-BADGE.jpg 598w\" sizes=\"auto, (max-width: 276px) 100vw, 276px\" \/><img loading=\"lazy\" decoding=\"async\" class=\"alignnone wp-image-402\" src=\"https:\/\/etresoa.com\/wp-content\/uploads\/2023\/01\/ICA-DIPLOME-IMAGE-300x210.jpg\" alt=\"\" width=\"389\" height=\"272\" srcset=\"https:\/\/etresoa.com\/wp-content\/uploads\/2023\/01\/ICA-DIPLOME-IMAGE-300x210.jpg 300w, https:\/\/etresoa.com\/wp-content\/uploads\/2023\/01\/ICA-DIPLOME-IMAGE-1024x718.jpg 1024w, https:\/\/etresoa.com\/wp-content\/uploads\/2023\/01\/ICA-DIPLOME-IMAGE-768x538.jpg 768w, https:\/\/etresoa.com\/wp-content\/uploads\/2023\/01\/ICA-DIPLOME-IMAGE.jpg 1056w\" sizes=\"auto, (max-width: 389px) 100vw, 389px\" \/><\/p>\n","protected":false},"excerpt":{"rendered":"<p>Bonjour, &nbsp; Je suis Eric Langermann, n\u00e9 en 1967. J&rsquo;ai grandi au milieu d&rsquo;une institution hospitali\u00e8re qui accueillait le handicap, la vieillesse ou encore la maladie. D&rsquo;o\u00f9 une sensibilit\u00e9 peut-\u00eatre un peu partoculi\u00e8re. J&rsquo;ai toujours cultiv\u00e9 le respect de la Vie, et je me suis vite forg\u00e9 un esprit critique. J&rsquo;\u00e9tais devenu un jeune adulte [&hellip;]<\/p>\n","protected":false},"author":1,"featured_media":0,"parent":0,"menu_order":0,"comment_status":"closed","ping_status":"closed","template":"","meta":{"footnotes":""},"class_list":["post-71","page","type-page","status-publish","hentry"],"yoast_head":"<!-- This site is optimized with the Yoast SEO plugin v24.5 - https:\/\/yoast.com\/wordpress\/plugins\/seo\/ -->\n<title>Le Qui suis-je ? - Eric LANGERMANN<\/title>\n<meta name=\"robots\" content=\"index, follow, max-snippet:-1, max-image-preview:large, max-video-preview:-1\" \/>\n<link rel=\"canonical\" href=\"https:\/\/etresoa.com\/index.php\/qui-suis-je\/\" \/>\n<meta property=\"og:locale\" content=\"fr_FR\" \/>\n<meta property=\"og:type\" content=\"article\" \/>\n<meta property=\"og:title\" content=\"Le Qui suis-je ? - Eric LANGERMANN\" \/>\n<meta property=\"og:description\" content=\"Bonjour, &nbsp; Je suis Eric Langermann, n\u00e9 en 1967. J&rsquo;ai grandi au milieu d&rsquo;une institution hospitali\u00e8re qui accueillait le handicap, la vieillesse ou encore la maladie. D&rsquo;o\u00f9 une sensibilit\u00e9 peut-\u00eatre un peu partoculi\u00e8re. J&rsquo;ai toujours cultiv\u00e9 le respect de la Vie, et je me suis vite forg\u00e9 un esprit critique. J&rsquo;\u00e9tais devenu un jeune adulte [&hellip;]\" \/>\n<meta property=\"og:url\" content=\"https:\/\/etresoa.com\/index.php\/qui-suis-je\/\" \/>\n<meta property=\"og:site_name\" content=\"Eric LANGERMANN\" \/>\n<meta property=\"article:modified_time\" content=\"2025-02-09T08:49:08+00:00\" \/>\n<meta property=\"og:image\" content=\"http:\/\/etresoa.com\/wp-content\/uploads\/2021\/10\/1635139721715-300x223.jpg\" \/>\n<meta name=\"twitter:card\" content=\"summary_large_image\" \/>\n<meta name=\"twitter:label1\" content=\"Dur\u00e9e de lecture estim\u00e9e\" \/>\n\t<meta name=\"twitter:data1\" content=\"2 minutes\" \/>\n<script type=\"application\/ld+json\" class=\"yoast-schema-graph\">{\"@context\":\"https:\/\/schema.org\",\"@graph\":[{\"@type\":\"WebPage\",\"@id\":\"https:\/\/etresoa.com\/index.php\/qui-suis-je\/\",\"url\":\"https:\/\/etresoa.com\/index.php\/qui-suis-je\/\",\"name\":\"Le Qui suis-je ? - Eric LANGERMANN\",\"isPartOf\":{\"@id\":\"https:\/\/etresoa.com\/#website\"},\"primaryImageOfPage\":{\"@id\":\"https:\/\/etresoa.com\/index.php\/qui-suis-je\/#primaryimage\"},\"image\":{\"@id\":\"https:\/\/etresoa.com\/index.php\/qui-suis-je\/#primaryimage\"},\"thumbnailUrl\":\"http:\/\/etresoa.com\/wp-content\/uploads\/2021\/10\/1635139721715-300x223.jpg\",\"datePublished\":\"2021-10-26T20:21:26+00:00\",\"dateModified\":\"2025-02-09T08:49:08+00:00\",\"breadcrumb\":{\"@id\":\"https:\/\/etresoa.com\/index.php\/qui-suis-je\/#breadcrumb\"},\"inLanguage\":\"fr-FR\",\"potentialAction\":[{\"@type\":\"ReadAction\",\"target\":[\"https:\/\/etresoa.com\/index.php\/qui-suis-je\/\"]}]},{\"@type\":\"ImageObject\",\"inLanguage\":\"fr-FR\",\"@id\":\"https:\/\/etresoa.com\/index.php\/qui-suis-je\/#primaryimage\",\"url\":\"http:\/\/etresoa.com\/wp-content\/uploads\/2021\/10\/1635139721715-300x223.jpg\",\"contentUrl\":\"http:\/\/etresoa.com\/wp-content\/uploads\/2021\/10\/1635139721715-300x223.jpg\"},{\"@type\":\"BreadcrumbList\",\"@id\":\"https:\/\/etresoa.com\/index.php\/qui-suis-je\/#breadcrumb\",\"itemListElement\":[{\"@type\":\"ListItem\",\"position\":1,\"name\":\"Accueil\",\"item\":\"https:\/\/etresoa.com\/\"},{\"@type\":\"ListItem\",\"position\":2,\"name\":\"Le Qui suis-je ?\"}]},{\"@type\":\"WebSite\",\"@id\":\"https:\/\/etresoa.com\/#website\",\"url\":\"https:\/\/etresoa.com\/\",\"name\":\"Eric LANGERMANN\",\"description\":\"Accompagnant en transformation personnelle et \u00e9motionnelle\",\"publisher\":{\"@id\":\"https:\/\/etresoa.com\/#\/schema\/person\/fda069d40bb78e26619b5f2ff685fa4c\"},\"potentialAction\":[{\"@type\":\"SearchAction\",\"target\":{\"@type\":\"EntryPoint\",\"urlTemplate\":\"https:\/\/etresoa.com\/?s={search_term_string}\"},\"query-input\":{\"@type\":\"PropertyValueSpecification\",\"valueRequired\":true,\"valueName\":\"search_term_string\"}}],\"inLanguage\":\"fr-FR\"},{\"@type\":[\"Person\",\"Organization\"],\"@id\":\"https:\/\/etresoa.com\/#\/schema\/person\/fda069d40bb78e26619b5f2ff685fa4c\",\"name\":\"Eric LANGERMANN\",\"image\":{\"@type\":\"ImageObject\",\"inLanguage\":\"fr-FR\",\"@id\":\"https:\/\/etresoa.com\/#\/schema\/person\/image\/\",\"url\":\"https:\/\/etresoa.com\/wp-content\/uploads\/2022\/05\/cropped-arbre-de-vie-perce4.jpg\",\"contentUrl\":\"https:\/\/etresoa.com\/wp-content\/uploads\/2022\/05\/cropped-arbre-de-vie-perce4.jpg\",\"width\":474,\"height\":474,\"caption\":\"Eric LANGERMANN\"},\"logo\":{\"@id\":\"https:\/\/etresoa.com\/#\/schema\/person\/image\/\"},\"sameAs\":[\"http:\/\/etresoa.com\",\"https:\/\/www.linkedin.com\/in\/eln\/\",\"https:\/\/www.youtube.com\/@Etresoa\"]}]}<\/script>\n<!-- \/ Yoast SEO plugin. -->","yoast_head_json":{"title":"Le Qui suis-je ? - Eric LANGERMANN","robots":{"index":"index","follow":"follow","max-snippet":"max-snippet:-1","max-image-preview":"max-image-preview:large","max-video-preview":"max-video-preview:-1"},"canonical":"https:\/\/etresoa.com\/index.php\/qui-suis-je\/","og_locale":"fr_FR","og_type":"article","og_title":"Le Qui suis-je ? - Eric LANGERMANN","og_description":"Bonjour, &nbsp; Je suis Eric Langermann, n\u00e9 en 1967. J&rsquo;ai grandi au milieu d&rsquo;une institution hospitali\u00e8re qui accueillait le handicap, la vieillesse ou encore la maladie. D&rsquo;o\u00f9 une sensibilit\u00e9 peut-\u00eatre un peu partoculi\u00e8re. J&rsquo;ai toujours cultiv\u00e9 le respect de la Vie, et je me suis vite forg\u00e9 un esprit critique. J&rsquo;\u00e9tais devenu un jeune adulte [&hellip;]","og_url":"https:\/\/etresoa.com\/index.php\/qui-suis-je\/","og_site_name":"Eric LANGERMANN","article_modified_time":"2025-02-09T08:49:08+00:00","og_image":[{"url":"http:\/\/etresoa.com\/wp-content\/uploads\/2021\/10\/1635139721715-300x223.jpg","type":"","width":"","height":""}],"twitter_card":"summary_large_image","twitter_misc":{"Dur\u00e9e de lecture estim\u00e9e":"2 minutes"},"schema":{"@context":"https:\/\/schema.org","@graph":[{"@type":"WebPage","@id":"https:\/\/etresoa.com\/index.php\/qui-suis-je\/","url":"https:\/\/etresoa.com\/index.php\/qui-suis-je\/","name":"Le Qui suis-je ? - Eric LANGERMANN","isPartOf":{"@id":"https:\/\/etresoa.com\/#website"},"primaryImageOfPage":{"@id":"https:\/\/etresoa.com\/index.php\/qui-suis-je\/#primaryimage"},"image":{"@id":"https:\/\/etresoa.com\/index.php\/qui-suis-je\/#primaryimage"},"thumbnailUrl":"http:\/\/etresoa.com\/wp-content\/uploads\/2021\/10\/1635139721715-300x223.jpg","datePublished":"2021-10-26T20:21:26+00:00","dateModified":"2025-02-09T08:49:08+00:00","breadcrumb":{"@id":"https:\/\/etresoa.com\/index.php\/qui-suis-je\/#breadcrumb"},"inLanguage":"fr-FR","potentialAction":[{"@type":"ReadAction","target":["https:\/\/etresoa.com\/index.php\/qui-suis-je\/"]}]},{"@type":"ImageObject","inLanguage":"fr-FR","@id":"https:\/\/etresoa.com\/index.php\/qui-suis-je\/#primaryimage","url":"http:\/\/etresoa.com\/wp-content\/uploads\/2021\/10\/1635139721715-300x223.jpg","contentUrl":"http:\/\/etresoa.com\/wp-content\/uploads\/2021\/10\/1635139721715-300x223.jpg"},{"@type":"BreadcrumbList","@id":"https:\/\/etresoa.com\/index.php\/qui-suis-je\/#breadcrumb","itemListElement":[{"@type":"ListItem","position":1,"name":"Accueil","item":"https:\/\/etresoa.com\/"},{"@type":"ListItem","position":2,"name":"Le Qui suis-je ?"}]},{"@type":"WebSite","@id":"https:\/\/etresoa.com\/#website","url":"https:\/\/etresoa.com\/","name":"Eric LANGERMANN","description":"Accompagnant en transformation personnelle et \u00e9motionnelle","publisher":{"@id":"https:\/\/etresoa.com\/#\/schema\/person\/fda069d40bb78e26619b5f2ff685fa4c"},"potentialAction":[{"@type":"SearchAction","target":{"@type":"EntryPoint","urlTemplate":"https:\/\/etresoa.com\/?s={search_term_string}"},"query-input":{"@type":"PropertyValueSpecification","valueRequired":true,"valueName":"search_term_string"}}],"inLanguage":"fr-FR"},{"@type":["Person","Organization"],"@id":"https:\/\/etresoa.com\/#\/schema\/person\/fda069d40bb78e26619b5f2ff685fa4c","name":"Eric LANGERMANN","image":{"@type":"ImageObject","inLanguage":"fr-FR","@id":"https:\/\/etresoa.com\/#\/schema\/person\/image\/","url":"https:\/\/etresoa.com\/wp-content\/uploads\/2022\/05\/cropped-arbre-de-vie-perce4.jpg","contentUrl":"https:\/\/etresoa.com\/wp-content\/uploads\/2022\/05\/cropped-arbre-de-vie-perce4.jpg","width":474,"height":474,"caption":"Eric LANGERMANN"},"logo":{"@id":"https:\/\/etresoa.com\/#\/schema\/person\/image\/"},"sameAs":["http:\/\/etresoa.com","https:\/\/www.linkedin.com\/in\/eln\/","https:\/\/www.youtube.com\/@Etresoa"]}]}},"_links":{"self":[{"href":"https:\/\/etresoa.com\/index.php\/wp-json\/wp\/v2\/pages\/71","targetHints":{"allow":["GET"]}}],"collection":[{"href":"https:\/\/etresoa.com\/index.php\/wp-json\/wp\/v2\/pages"}],"about":[{"href":"https:\/\/etresoa.com\/index.php\/wp-json\/wp\/v2\/types\/page"}],"author":[{"embeddable":true,"href":"https:\/\/etresoa.com\/index.php\/wp-json\/wp\/v2\/users\/1"}],"replies":[{"embeddable":true,"href":"https:\/\/etresoa.com\/index.php\/wp-json\/wp\/v2\/comments?post=71"}],"version-history":[{"count":27,"href":"https:\/\/etresoa.com\/index.php\/wp-json\/wp\/v2\/pages\/71\/revisions"}],"predecessor-version":[{"id":1239,"href":"https:\/\/etresoa.com\/index.php\/wp-json\/wp\/v2\/pages\/71\/revisions\/1239"}],"wp:attachment":[{"href":"https:\/\/etresoa.com\/index.php\/wp-json\/wp\/v2\/media?parent=71"}],"curies":[{"name":"wp","href":"https:\/\/api.w.org\/{rel}","templated":true}]}}